{"id":454,"date":"2024-03-27T11:01:44","date_gmt":"2024-03-27T16:01:44","guid":{"rendered":"https:\/\/esfachabucagranda.edu.pe\/?page_id=454"},"modified":"2024-03-27T11:49:15","modified_gmt":"2024-03-27T16:49:15","slug":"454-2","status":"publish","type":"page","link":"https:\/\/esfachabucagranda.edu.pe\/?page_id=454","title":{"rendered":"Visi\u00f3n y Misi\u00f3n"},"content":{"rendered":"\n<p class=\"has-large-font-size\"><strong>VISI\u00d3N<\/strong><\/p>\n\n\n\n<p>\u201cSomos una Instituci\u00f3n reconocida por la calidad de nuestros programas de Estudios Y Egresados comprometidos con la Educaci\u00f3n Art\u00edstica\u201d.<\/p>\n\n\n\n<p class=\"has-large-font-size\"><strong>MISI\u00d3N<\/strong><\/p>\n\n\n\n<p>\u201cFormar profesionales competentes a trav\u00e9s de una educaci\u00f3n integral para contribuir al desarrollo social en la formaci\u00f3n Art\u00edstica Regional, Nacional e Internacional\u201d.<\/p>\n\n\n\n<p class=\"has-large-font-size\"><strong>VALORES<\/strong><\/p>\n\n\n\n<ul>\n<li>Identidad.<\/li>\n\n\n\n<li>Responsabilidad.<\/li>\n\n\n\n<li>Equidad.<\/li>\n\n\n\n<li>Solidaridad.<\/li>\n<\/ul>\n","protected":false},"excerpt":{"rendered":"<p>VISI\u00d3N \u201cSomos una Instituci\u00f3n reconocida por la calidad de nuestros programas de Estudios Y Egresados comprometidos con la Educaci\u00f3n Art\u00edstica\u201d. MISI\u00d3N \u201cFormar profesionales competentes a trav\u00e9s de una educaci\u00f3n integral para contribuir al desarrollo social en la formaci\u00f3n Art\u00edstica Regional, Nacional e Internacional\u201d. VALORES<\/p>\n","protected":false},"author":1,"featured_media":0,"parent":0,"menu_order":0,"comment_status":"closed","ping_status":"closed","template":"","meta":{"footnotes":""},"_links":{"self":[{"href":"https:\/\/esfachabucagranda.edu.pe\/index.php?rest_route=\/wp\/v2\/pages\/454"}],"collection":[{"href":"https:\/\/esfachabucagranda.edu.pe\/index.php?rest_route=\/wp\/v2\/pages"}],"about":[{"href":"https:\/\/esfachabucagranda.edu.pe\/index.php?rest_route=\/wp\/v2\/types\/page"}],"author":[{"embeddable":true,"href":"https:\/\/esfachabucagranda.edu.pe\/index.php?rest_route=\/wp\/v2\/users\/1"}],"replies":[{"embeddable":true,"href":"https:\/\/esfachabucagranda.edu.pe\/index.php?rest_route=%2Fwp%2Fv2%2Fcomments&post=454"}],"version-history":[{"count":2,"href":"https:\/\/esfachabucagranda.edu.pe\/index.php?rest_route=\/wp\/v2\/pages\/454\/revisions"}],"predecessor-version":[{"id":465,"href":"https:\/\/esfachabucagranda.edu.pe\/index.php?rest_route=\/wp\/v2\/pages\/454\/revisions\/465"}],"wp:attachment":[{"href":"https:\/\/esfachabucagranda.edu.pe\/index.php?rest_route=%2Fwp%2Fv2%2Fmedia&parent=454"}],"curies":[{"name":"wp","href":"https:\/\/api.w.org\/{rel}","templated":true}]}}