{"id":2,"date":"2020-06-24T17:00:50","date_gmt":"2020-06-24T22:00:50","guid":{"rendered":"http:\/\/localhost\/esfachabuca\/?page_id=2"},"modified":"2024-03-27T11:44:17","modified_gmt":"2024-03-27T16:44:17","slug":"pagina-de-ejemplo","status":"publish","type":"page","link":"https:\/\/esfachabucagranda.edu.pe\/?page_id=2","title":{"rendered":"HISTORIA"},"content":{"rendered":"\n<p>La Escuela Superior de Formaci\u00f3n Art\u00edstica P\u00fablica \u00abChabuca Granda\u00bb de Abancay, creada con Decreto Supremo N\u00ba 030-2022-ED.<\/p>\n","protected":false},"excerpt":{"rendered":"<p>La Escuela Superior de Formaci\u00f3n Art\u00edstica P\u00fablica \u00abChabuca Granda\u00bb de Abancay, creada con Decreto Supremo N\u00ba 030-2022-ED.<\/p>\n","protected":false},"author":1,"featured_media":0,"parent":0,"menu_order":0,"comment_status":"closed","ping_status":"open","template":"","meta":{"footnotes":""},"_links":{"self":[{"href":"https:\/\/esfachabucagranda.edu.pe\/index.php?rest_route=\/wp\/v2\/pages\/2"}],"collection":[{"href":"https:\/\/esfachabucagranda.edu.pe\/index.php?rest_route=\/wp\/v2\/pages"}],"about":[{"href":"https:\/\/esfachabucagranda.edu.pe\/index.php?rest_route=\/wp\/v2\/types\/page"}],"author":[{"embeddable":true,"href":"https:\/\/esfachabucagranda.edu.pe\/index.php?rest_route=\/wp\/v2\/users\/1"}],"replies":[{"embeddable":true,"href":"https:\/\/esfachabucagranda.edu.pe\/index.php?rest_route=%2Fwp%2Fv2%2Fcomments&post=2"}],"version-history":[{"count":10,"href":"https:\/\/esfachabucagranda.edu.pe\/index.php?rest_route=\/wp\/v2\/pages\/2\/revisions"}],"predecessor-version":[{"id":462,"href":"https:\/\/esfachabucagranda.edu.pe\/index.php?rest_route=\/wp\/v2\/pages\/2\/revisions\/462"}],"wp:attachment":[{"href":"https:\/\/esfachabucagranda.edu.pe\/index.php?rest_route=%2Fwp%2Fv2%2Fmedia&parent=2"}],"curies":[{"name":"wp","href":"https:\/\/api.w.org\/{rel}","templated":true}]}}